{"id":1413,"date":"2021-11-12T08:18:42","date_gmt":"2021-11-12T08:18:42","guid":{"rendered":"https:\/\/namtrung247.com.vn\/su-khac-biet\/"},"modified":"2024-10-11T09:38:41","modified_gmt":"2024-10-11T02:38:41","slug":"su-khac-biet","status":"publish","type":"page","link":"https:\/\/namtrung247.com.vn\/en\/su-khac-biet\/","title":{"rendered":"L\u00dd DO B\u1ea2O V\u1ec6 NAM TRUNG 247 \u0110\u01af\u1ee2C KH\u00c1CH H\u00c0NG CH\u1eccN V\u00c0 S\u1eec D\u1ee4NG"},"content":{"rendered":"<h2 style=\"text-align: center;\"><span style=\"font-size: 32px;\"><strong><span style=\"color: #2c75d1;\">L\u00dd DO B\u1ea2O V\u1ec6 NAM TRUNG 247 \u0110\u01af\u1ee2C KH\u00c1CH H\u00c0NG CH\u1eccN V\u00c0 S\u1eec D\u1ee4NG<\/span><\/strong><\/span><\/h2>\n<p><span style=\"font-size: 20px;\"><strong><em>Kh\u00e1ch h\u00e0ng lu\u00f4n ch\u1ecdn D\u1ecbch V\u1ee5 B\u1ea3o v\u1ec7 Nam Trung 247 v\u00ec:<\/em><\/strong><\/span><\/p>\n<p><span style=\"font-size: 20px;\">1\/ Kh\u00e1ch h\u00e0ng lu\u00f4n \u0111\u01b0\u1ee3c T\u00f4n tr\u1ecdng tuy\u1ec7t \u0111\u1ed1i.<\/span><\/p>\n<p><span style=\"font-size: 20px;\">2\/ Kh\u00e1ch h\u00e0ng lu\u00f4n \u0111\u01b0\u1ee3c t\u01b0 v\u1ea5n c\u00e1c Gi\u1ea3i ph\u00e1p An ninh t\u1ed1i \u01b0u v\u00e0 ti\u1ebft gi\u1ea3m chi ph\u00ed.<\/span><\/p>\n<p><span style=\"font-size: 20px;\">3\/ Kh\u00e1ch h\u00e0ng \u0111\u01b0\u1ee3c cung c\u1ea5p Ph\u01b0\u01a1ng \u00e1n b\u1ea3o v\u1ec7 ch\u1eb7t ch\u1ebd, t\u1ec9 m\u1ec9 v\u00e0 mi\u1ec5n ph\u00ed.<\/span><\/p>\n<p><span style=\"font-size: 20px;\">4\/ Kh\u00e1ch h\u00e0ng \u0111\u01b0\u1ee3c gi\u00e1m s\u00e1t An ninh 24\/24h qua Trung t\u00e2m gi\u00e1m s\u00e1t An ninh B\u1ea3o v\u1ec7 Nam Trung 247.<\/span><\/p>\n<p><span style=\"font-size: 20px;\">5\/ Nh\u00e2n vi\u00ean B\u1ea3o v\u1ec7 \u0111\u01b0\u1ee3c lu\u00e2n chuy\u1ec3n v\u00e0 thay \u0111\u1ed5i ngay khi c\u00f3 y\u00eau c\u1ea7u t\u1eeb Kh\u00e1ch h\u00e0ng nhanh ch\u00f3ng, d\u1ec5 d\u00e0ng.<\/span><\/p>\n<p><span style=\"font-size: 20px;\">6\/ Kh\u00e1ch h\u00e0ng \u0111\u01b0\u1ee3c B\u1ea3o hi\u1ec3m Tr\u00e1ch nhi\u1ec7m D\u00e2n S\u1ef1 v\u00e0 Tr\u00e1ch nhi\u1ec7m Ngh\u1ec1 Nghi\u1ec7p.<\/span><\/p>\n<p>&nbsp;<\/p>\n<p><span style=\"font-size: 20px;\"><strong>SINCE 2023\u00a0<\/strong><\/span><\/p>\n<p><span style=\"font-size: 20px;\">TR\u1ee4 S\u1ede CH\u00cdNH<\/span><\/p>\n<p><span style=\"font-size: 20px;\">\u0110\u1ecba ch\u1ec9: 61\/1 \u0111\u01b0\u1eddng s\u1ed1 23, Ph\u01b0\u1eddng Hi\u1ec7p B\u00ecnh Ch\u00e1nh, Th\u00e0nh ph\u1ed1 Th\u1ee7 \u0110\u1ee9c, Th\u00e0nh ph\u1ed1 H\u1ed3 Ch\u00ed Minh, Vi\u1ec7t Nam<\/span><\/p>\n<p><span style=\"font-size: 20px;\">\u0110i\u1ec7n tho\u1ea1i b\u00e0n: 0965 077 066 <br \/>\n<\/span><\/p>\n<p><span style=\"font-size: 20px;\">\u0110\u01af\u1edcNG D\u00c2Y N\u00d3NG: 0965 077 066 <\/span><\/p>\n<p>&nbsp;<\/p>\n","protected":false},"excerpt":{"rendered":"<p>L\u00dd DO B\u1ea2O V\u1ec6 NAM TRUNG 247 \u0110\u01af\u1ee2C KH\u00c1CH H\u00c0NG CH\u1eccN V\u00c0 S\u1eec D\u1ee4NG Kh\u00e1ch h\u00e0ng lu\u00f4n ch\u1ecdn D\u1ecbch V\u1ee5 B\u1ea3o v\u1ec7 Nam Trung 247 v\u00ec: 1\/ Kh\u00e1ch h\u00e0ng lu\u00f4n \u0111\u01b0\u1ee3c T\u00f4n tr\u1ecdng tuy\u1ec7t \u0111\u1ed1i. 2\/ Kh\u00e1ch h\u00e0ng lu\u00f4n \u0111\u01b0\u1ee3c t\u01b0 v\u1ea5n c\u00e1c Gi\u1ea3i ph\u00e1p An ninh t\u1ed1i \u01b0u v\u00e0 ti\u1ebft gi\u1ea3m chi ph\u00ed. 3\/ [&hellip;]<\/p>\n","protected":false},"author":2,"featured_media":0,"parent":0,"menu_order":0,"comment_status":"closed","ping_status":"closed","template":"","meta":[],"_links":{"self":[{"href":"https:\/\/namtrung247.com.vn\/en\/wp-json\/wp\/v2\/pages\/1413"}],"collection":[{"href":"https:\/\/namtrung247.com.vn\/en\/wp-json\/wp\/v2\/pages"}],"about":[{"href":"https:\/\/namtrung247.com.vn\/en\/wp-json\/wp\/v2\/types\/page"}],"author":[{"embeddable":true,"href":"https:\/\/namtrung247.com.vn\/en\/wp-json\/wp\/v2\/users\/2"}],"replies":[{"embeddable":true,"href":"https:\/\/namtrung247.com.vn\/en\/wp-json\/wp\/v2\/comments?post=1413"}],"version-history":[{"count":3,"href":"https:\/\/namtrung247.com.vn\/en\/wp-json\/wp\/v2\/pages\/1413\/revisions"}],"predecessor-version":[{"id":1726,"href":"https:\/\/namtrung247.com.vn\/en\/wp-json\/wp\/v2\/pages\/1413\/revisions\/1726"}],"wp:attachment":[{"href":"https:\/\/namtrung247.com.vn\/en\/wp-json\/wp\/v2\/media?parent=1413"}],"curies":[{"name":"wp","href":"https:\/\/api.w.org\/{rel}","templated":true}]}}